{"id":5034,"date":"2023-07-03T08:45:48","date_gmt":"2023-07-03T08:45:48","guid":{"rendered":"https:\/\/www.borgoditria.it\/conditions-de-reservation\/"},"modified":"2023-07-03T10:40:15","modified_gmt":"2023-07-03T10:40:15","slug":"conditions-de-reservation","status":"publish","type":"page","link":"https:\/\/www.borgoditria.it\/fr\/conditions-de-reservation\/","title":{"rendered":"Conditions de r\u00e9servation"},"content":{"rendered":"<p>[et_pb_section fb_built=\u00a0\u00bb1&Prime; _builder_version=\u00a0\u00bb4.21.0&Prime; _module_preset=\u00a0\u00bbdefault\u00a0\u00bb global_colors_info=\u00a0\u00bb{}\u00a0\u00bb][et_pb_row _builder_version=\u00a0\u00bb4.21.0&Prime; _module_preset=\u00a0\u00bbdefault\u00a0\u00bb global_colors_info=\u00a0\u00bb{}\u00a0\u00bb][et_pb_column type=\u00a0\u00bb4_4&Prime; _builder_version=\u00a0\u00bb4.21.0&Prime; _module_preset=\u00a0\u00bbdefault\u00a0\u00bb global_colors_info=\u00a0\u00bb{}\u00a0\u00bb][et_pb_text _builder_version=\u00a0\u00bb4.21.0&Prime; _module_preset=\u00a0\u00bbdefault\u00a0\u00bb hover_enabled=\u00a0\u00bb0&Prime; global_colors_info=\u00a0\u00bb{}\u00a0\u00bb header_text_color=\u00a0\u00bb#29371C\u00a0\u00bb header_2_text_color=\u00a0\u00bb#29371C\u00a0\u00bb sticky_enabled=\u00a0\u00bb0&Prime;]<\/p>\n<h1><strong>CONDITIONS DE R\u00c9SERVATION<\/strong><\/h1>\n<p>L&rsquo;utilisation des services de Borgo d&rsquo;Itria implique l&rsquo;acceptation par l&rsquo;utilisateur des conditions g\u00e9n\u00e9rales \u00e9nonc\u00e9es ci-dessous. Pour toute pr\u00e9cision compl\u00e9mentaire, veuillez nous contacter \u00e0 l&rsquo;adresse suivante : <u><a href=\"mailto:info@borgoditria.it\">info@borgoditria.it<\/a><\/u> &#8211; T\u00e9l. 080\/9309925.<\/p>\n<h2><strong>Liste de prix<\/strong><\/h2>\n<p>La liste de prix du Borgo d&rsquo;Itria est dynamique et n&rsquo;a pas de prix fixes, car elle d\u00e9pend de la p\u00e9riode s\u00e9lectionn\u00e9e et d&rsquo;\u00e9ventuelles promotions.<br \/>Les prix sont calcul\u00e9s en euros et incluent la TVA, le mode d&rsquo;h\u00e9bergement choisi lors de la r\u00e9servation et les \u00e9ventuelles options demand\u00e9es.<\/p>\n<h2><strong>Taxe de s\u00e9jour<\/strong><\/h2>\n<p>Les tarifs n&rsquo;incluent pas la taxe de s\u00e9jour, qui doit \u00eatre pay\u00e9e directement \u00e0 l&rsquo;h\u00f4tel au moment du d\u00e9part.<br \/>La province de Bari a introduit une taxe de s\u00e9jour de 1,00 \u20ac par personne et par nuit. Tous les enfants de moins de 12 ans (pas encore 12 ans) sont exempt\u00e9s de paiement.<\/p>\n<h2><strong>Check in<\/strong><\/h2>\n<p>Les chambres sont disponibles de 14h30 \u00e0 19h00.<br \/>Si vous pr\u00e9voyez d&rsquo;arriver apr\u00e8s l&rsquo;heure indiqu\u00e9e, veuillez en informer la r\u00e9ception afin que nous puissions organiser au mieux l&rsquo;accueil \u00e0 l&rsquo;h\u00f4tel. L&rsquo;arriv\u00e9e tardive entra\u00eene un suppl\u00e9ment.<\/p>\n<h2><strong>Check out<\/strong><\/h2>\n<p>Les chambres doivent \u00eatre lib\u00e9r\u00e9es avant 10h30 le jour du d\u00e9part. Si le client souhaite reporter l&rsquo;heure de son d\u00e9part et conserver la chambre sous r\u00e9serve de disponibilit\u00e9, il devra payer un suppl\u00e9ment. Si la chambre n&rsquo;est pas disponible pour un d\u00e9part tardif, le client peut rester \u00e0 l&rsquo;h\u00f4tel et continuer \u00e0 profiter des services offerts sans payer de suppl\u00e9ment.<\/p>\n<h2><strong>Arriv\u00e9es tardives\/d\u00e9parts pr\u00e9coces<\/strong><\/h2>\n<p>En cas d&rsquo;arriv\u00e9e tardive ou de d\u00e9part anticip\u00e9, sauf accord avec l&rsquo;\u00e9tablissement, aucune r\u00e9duction n&rsquo;est accord\u00e9e. Seul le prix de la nuit\u00e9e sera factur\u00e9, montant pour les lits vides.<strong><br \/><\/strong><\/p>\n<h2><strong>Paiements<\/strong><\/h2>\n<p>Remboursement par carte de cr\u00e9dit et\/ou virement bancaire dans les 15 jours suivant l&rsquo;enregistrement.<\/p>\n<p>Un acompte de 30 % <span>est<\/span> demand\u00e9 au moment de la r\u00e9servation ; le solde est d\u00fb au plus tard le 15e jour pr\u00e9c\u00e9dant l&rsquo;enregistrement. Si le solde n&rsquo;est pas re\u00e7u \u00e0 temps, la r\u00e9servation sera annul\u00e9e et non remboursable.<\/p>\n<h2><strong>Conditions d&rsquo;annulation<\/strong><\/h2>\n<p>No show 100% ; p\u00e9nalit\u00e9 de 100% dans tous les autres cas d&rsquo;annulation apr\u00e8s la date limite.<br \/>Borgo d&rsquo;Itria se r\u00e9serve le droit, en toute libert\u00e9 et sans condition, d&rsquo;\u00e9valuer les \u00e9v\u00e9nements qui peuvent justifier la non-application de la p\u00e9nalit\u00e9 pr\u00e9vue dans les pr\u00e9sentes conditions g\u00e9n\u00e9rales ou, \u00e0 titre exceptionnel, dans les conditions des tarifs sp\u00e9ciaux choisis au moment de la r\u00e9servation.<\/p>\n<h2><strong>Respect de la composition de la chambre<\/strong><\/h2>\n<p>Les demandes de r\u00e9servation faites par le client doivent indiquer le nombre exact de personnes, quel que soit leur \u00e2ge. Borgo d&rsquo;Itria n&rsquo;est pas responsable des erreurs introduites par le client dans la demande de r\u00e9servation. Lors de l&rsquo;enregistrement, le nombre de personnes doit correspondre au nombre de personnes indiqu\u00e9 par le client lors de la demande de r\u00e9servation.<\/p>\n<p>Au moment de l&rsquo;enregistrement, s&rsquo;il y a plus de personnes que celles pr\u00e9vues dans la r\u00e9servation, quel que soit leur \u00e2ge, Bogo d&rsquo;Itria peut v\u00e9rifier la disponibilit\u00e9 :<\/p>\n<p>&#8211; <strong>En cas de manque de disponibilit\u00e9,<\/strong> n&rsquo;autorisez pas les clients exc\u00e9dentaires \u00e0 entrer et facturez le co\u00fbt total du s\u00e9jour au client, qu&rsquo;il s\u00e9journe ou non \u00e0 l&rsquo;h\u00f4tel.<\/p>\n<p>&#8211; <strong>En cas de disponibilit\u00e9<\/strong>, les clients arrivant dans l&rsquo;\u00e9tablissement seront plac\u00e9s dans une chambre plus appropri\u00e9e, acceptant ainsi une variation de prix li\u00e9e au type de chambre.<\/p>\n<p><strong>Les r\u00e8gles d&rsquo;hygi\u00e8ne et de salubrit\u00e9 pour l&rsquo;acc\u00e8s \u00e0 la piscine<br \/><\/strong> sont obligatoires. Pour les tr\u00e8s jeunes enfants, des couches de contention doivent \u00eatre utilis\u00e9es.<\/p>\n<h2><strong>Animaux<\/strong><\/h2>\n<p>Borgo d&rsquo;Itria autorise les petits animaux (poids adulte inf\u00e9rieur \u00e0 10 kg et hauteur au garrot comprise entre 26 et 40 cm) \u00e0 p\u00e9n\u00e9trer dans l&rsquo;\u00e9tablissement. La direction se r\u00e9serve le droit, selon le cas, de modifier l&rsquo;affectation des chambres en pr\u00e9sence d&rsquo;animaux, afin d&rsquo;assurer une meilleure conformit\u00e9 avec les caract\u00e9ristiques de l&rsquo;installation et les besoins propres des animaux.<\/p>\n<p><strong>Un suppl\u00e9ment de 30,00 \u20ac par nuit sera appliqu\u00e9 et devra \u00eatre pay\u00e9 au moment du d\u00e9part.<\/strong><\/p>\n<p>En cas de dommages caus\u00e9s par la pr\u00e9sence d&rsquo;un animal domestique ou si l&rsquo;\u00e9tat de la chambre n\u00e9cessite un nettoyage extraordinaire, ou en cas de dommages suppl\u00e9mentaires caus\u00e9s \u00e0 la chambre ou \u00e0 l&rsquo;\u00e9tablissement en g\u00e9n\u00e9ral, des frais de r\u00e9paration peuvent \u00eatre factur\u00e9s.<\/p>\n<p><strong>Le nettoyage quotidien des chambres<\/strong>, notamment en raison des protocoles de sant\u00e9 et de s\u00e9curit\u00e9 les plus r\u00e9cents, n\u00e9cessite d&rsquo;a\u00e9rer les chambres. Nous ne voulons donc pas risquer que votre animal de compagnie s&rsquo;\u00e9chappe par inadvertance ou soit effray\u00e9 par la pr\u00e9sence d&rsquo;\u00e9trangers. Il est pr\u00e9f\u00e9rable que votre animal soit retir\u00e9 de la pi\u00e8ce pendant le nettoyage. Nous vous demandons \u00e9galement de ranger la nourriture et les affaires de votre animal dans un endroit ferm\u00e9 et s\u00fbr.<\/p>\n<h2><strong>Responsabilit\u00e9s de l&rsquo;\u00e9tablissement et de l&rsquo;h\u00f4te<\/strong><\/h2>\n<p>L&rsquo;intention du Borgo d&rsquo;Itria <span>est<\/span> de garantir au client que tous les services fournis dans la r\u00e9servation sont organis\u00e9s avec le plus grand soin. Le Borgo d&rsquo;Itria assume toute responsabilit\u00e9 pour les \u00e9ventuels d\u00e9fauts survenus pendant le s\u00e9jour, si la cause en est imputable \u00e0 son manquement. L&rsquo;h\u00f4te devra prouver qu&rsquo;il y a bien eu un manquement de la part de Borgo d&rsquo;Itria s&rsquo;il souhaite faire une r\u00e9clamation.<\/p>\n<p>L&rsquo;h\u00f4te s&rsquo;engage \u00e0 utiliser les services conform\u00e9ment \u00e0 la loi, \u00e0 la morale, aux bonnes coutumes et \u00e0 l&rsquo;ordre public ainsi qu&rsquo;aux dispositions des pr\u00e9sentes conditions g\u00e9n\u00e9rales. Par cons\u00e9quent, il est interdit d&rsquo;utiliser les services \u00e0 des fins ou effets illicites et\/ou contraires aux dispositions des pr\u00e9sents Termes et\/ou Conditions G\u00e9n\u00e9rales, pr\u00e9judiciables aux droits et\/ou int\u00e9r\u00eats de tiers, ou susceptibles de porter atteinte de quelque mani\u00e8re que ce soit aux services, \u00e0 Borgo d&rsquo;Itria et\/ou \u00e0 son image.<\/p>\n<p>[\/et_pb_text][\/et_pb_column][\/et_pb_row][\/et_pb_section]<\/p>\n","protected":false},"excerpt":{"rendered":"<p>CONDITIONS DE R\u00c9SERVATION L&rsquo;utilisation des services de Borgo d&rsquo;Itria implique l&rsquo;acceptation par l&rsquo;utilisateur des conditions g\u00e9n\u00e9rales \u00e9nonc\u00e9es ci-dessous. Pour toute pr\u00e9cision compl\u00e9mentaire, veuillez nous contacter \u00e0 l&rsquo;adresse suivante : info@borgoditria.it &#8211; T\u00e9l. 080\/9309925. Liste de prix La liste de prix du Borgo d&rsquo;Itria est dynamique et n&rsquo;a pas de prix fixes, car elle d\u00e9pend de [&hellip;]<\/p>\n","protected":false},"author":1,"featured_media":0,"parent":0,"menu_order":0,"comment_status":"closed","ping_status":"closed","template":"","meta":{"_et_pb_use_builder":"on","_et_pb_old_content":"","_et_gb_content_width":"","_monsterinsights_skip_tracking":false,"_monsterinsights_sitenote_active":false,"_monsterinsights_sitenote_note":"","_monsterinsights_sitenote_category":0,"footnotes":""},"class_list":["post-5034","page","type-page","status-publish","hentry"],"yoast_head":"<!-- This site is optimized with the Yoast SEO plugin v27.5 - https:\/\/yoast.com\/product\/yoast-seo-wordpress\/ -->\n<title>Conditions de r\u00e9servation - Borgo D&#039;Itria<\/title>\n<meta name=\"robots\" content=\"index, follow, max-snippet:-1, max-image-preview:large, max-video-preview:-1\" \/>\n<link rel=\"canonical\" href=\"https:\/\/www.borgoditria.it\/fr\/conditions-de-reservation\/\" \/>\n<meta property=\"og:locale\" content=\"fr_FR\" \/>\n<meta property=\"og:type\" content=\"article\" \/>\n<meta property=\"og:title\" content=\"Conditions de r\u00e9servation - Borgo D&#039;Itria\" \/>\n<meta property=\"og:url\" content=\"https:\/\/www.borgoditria.it\/fr\/conditions-de-reservation\/\" \/>\n<meta property=\"og:site_name\" content=\"Borgo D&#039;Itria\" \/>\n<meta property=\"article:modified_time\" content=\"2023-07-03T10:40:15+00:00\" \/>\n<meta name=\"twitter:card\" content=\"summary_large_image\" \/>\n<meta name=\"twitter:description\" content=\"[dipl_image_card_carousel cards_per_slide=&quot;1&quot; space_between_slides=&quot;30px&quot; equalize_slides_height=&quot;on&quot; autoplay=&quot;off&quot; show_arrow=&quot;on&quot; previous_slide_arrow=&quot;#||divi||400&quot; next_slide_arrow=&quot;$||divi||400&quot; arrows_position=&quot;bottom_right&quot; arrow_color=&quot;#29371C&quot; arrow_background_color=&quot;RGBA(255,255,255,0)&quot; cards_per_slide_tablet=&quot;1&quot; cards_per_slide_phone=&quot;1&quot; _builder_version=&quot;4.18.1&quot; _module_preset=&quot;default&quot; hover_enabled=&quot;0&quot; template_type=&quot;module&quot; global_colors_info=&quot;{}&quot; sticky_enabled=&quot;0&quot;][dipl_image_card_carousel_item title=&quot;Chambre double&quot; image=&quot;https:\/\/www.borgoditria.it\/wp-content\/uploads\/2023\/04\/Borgo-d-itria-Trulli-superior-suite-superior-1-camera-matrimoniale-1.jpg&quot; image_alt=&quot;Trulli superior - Suite SUperior 1 - Camera matrimoniale&quot; content_custom_padding=&quot;20px||20px||true|true&quot; _builder_version=&quot;4.18.1&quot; _module_preset=&quot;default&quot; hover_enabled=&quot;0&quot; global_colors_info=&quot;{}&quot; title_text=&quot;Borgo-d-itria-Trulli-superior-suite-superior-1-camera-matrimoniale-1&quot; sticky_enabled=&quot;0&quot;][\/dipl_image_card_carousel_item][dipl_image_card_carousel_item title=&quot;Chambre double&quot; image=&quot;https:\/\/www.borgoditria.it\/wp-content\/uploads\/2023\/04\/Borgo-d-itria-Trulli-superior-suite-superior-1-camera-matrimoniale-6.jpg&quot; image_alt=&quot;Trulli superior - Suite SUperior 1 - Camera matrimoniale&quot; content_custom_padding=&quot;20px||20px||true|true&quot; _builder_version=&quot;4.18.1&quot; _module_preset=&quot;default&quot; hover_enabled=&quot;0&quot; global_colors_info=&quot;{}&quot; [&hellip;]\" \/>\n<meta name=\"twitter:label1\" content=\"Dur\u00e9e de lecture estim\u00e9e\" \/>\n\t<meta name=\"twitter:data1\" content=\"5 minutes\" \/>\n<script type=\"application\/ld+json\" class=\"yoast-schema-graph\">{\"@context\":\"https:\\\/\\\/schema.org\",\"@graph\":[{\"@type\":\"WebPage\",\"@id\":\"https:\\\/\\\/www.borgoditria.it\\\/fr\\\/conditions-de-reservation\\\/\",\"url\":\"https:\\\/\\\/www.borgoditria.it\\\/fr\\\/conditions-de-reservation\\\/\",\"name\":\"Conditions de r\u00e9servation - Borgo D'Itria\",\"isPartOf\":{\"@id\":\"https:\\\/\\\/www.borgoditria.it\\\/fr\\\/#website\"},\"datePublished\":\"2023-07-03T08:45:48+00:00\",\"dateModified\":\"2023-07-03T10:40:15+00:00\",\"breadcrumb\":{\"@id\":\"https:\\\/\\\/www.borgoditria.it\\\/fr\\\/conditions-de-reservation\\\/#breadcrumb\"},\"inLanguage\":\"fr-FR\",\"potentialAction\":[{\"@type\":\"ReadAction\",\"target\":[\"https:\\\/\\\/www.borgoditria.it\\\/fr\\\/conditions-de-reservation\\\/\"]}]},{\"@type\":\"BreadcrumbList\",\"@id\":\"https:\\\/\\\/www.borgoditria.it\\\/fr\\\/conditions-de-reservation\\\/#breadcrumb\",\"itemListElement\":[{\"@type\":\"ListItem\",\"position\":1,\"name\":\"Home\",\"item\":\"https:\\\/\\\/www.borgoditria.it\\\/fr\\\/borgo-ditria-trulli-resort\\\/\"},{\"@type\":\"ListItem\",\"position\":2,\"name\":\"Conditions de r\u00e9servation\"}]},{\"@type\":\"WebSite\",\"@id\":\"https:\\\/\\\/www.borgoditria.it\\\/fr\\\/#website\",\"url\":\"https:\\\/\\\/www.borgoditria.it\\\/fr\\\/\",\"name\":\"Borgo D'Itria\",\"description\":\"Trulli Resort\",\"potentialAction\":[{\"@type\":\"SearchAction\",\"target\":{\"@type\":\"EntryPoint\",\"urlTemplate\":\"https:\\\/\\\/www.borgoditria.it\\\/fr\\\/?s={search_term_string}\"},\"query-input\":{\"@type\":\"PropertyValueSpecification\",\"valueRequired\":true,\"valueName\":\"search_term_string\"}}],\"inLanguage\":\"fr-FR\"}]}<\/script>\n<!-- \/ Yoast SEO plugin. -->","yoast_head_json":{"title":"Conditions de r\u00e9servation - Borgo D'Itria","robots":{"index":"index","follow":"follow","max-snippet":"max-snippet:-1","max-image-preview":"max-image-preview:large","max-video-preview":"max-video-preview:-1"},"canonical":"https:\/\/www.borgoditria.it\/fr\/conditions-de-reservation\/","og_locale":"fr_FR","og_type":"article","og_title":"Conditions de r\u00e9servation - Borgo D'Itria","og_url":"https:\/\/www.borgoditria.it\/fr\/conditions-de-reservation\/","og_site_name":"Borgo D'Itria","article_modified_time":"2023-07-03T10:40:15+00:00","twitter_card":"summary_large_image","twitter_description":"[dipl_image_card_carousel cards_per_slide=\"1\" space_between_slides=\"30px\" equalize_slides_height=\"on\" autoplay=\"off\" show_arrow=\"on\" previous_slide_arrow=\"#||divi||400\" next_slide_arrow=\"$||divi||400\" arrows_position=\"bottom_right\" arrow_color=\"#29371C\" arrow_background_color=\"RGBA(255,255,255,0)\" cards_per_slide_tablet=\"1\" cards_per_slide_phone=\"1\" _builder_version=\"4.18.1\" _module_preset=\"default\" hover_enabled=\"0\" template_type=\"module\" global_colors_info=\"{}\" sticky_enabled=\"0\"][dipl_image_card_carousel_item title=\"Chambre double\" image=\"https:\/\/www.borgoditria.it\/wp-content\/uploads\/2023\/04\/Borgo-d-itria-Trulli-superior-suite-superior-1-camera-matrimoniale-1.jpg\" image_alt=\"Trulli superior - Suite SUperior 1 - Camera matrimoniale\" content_custom_padding=\"20px||20px||true|true\" _builder_version=\"4.18.1\" _module_preset=\"default\" hover_enabled=\"0\" global_colors_info=\"{}\" title_text=\"Borgo-d-itria-Trulli-superior-suite-superior-1-camera-matrimoniale-1\" sticky_enabled=\"0\"][\/dipl_image_card_carousel_item][dipl_image_card_carousel_item title=\"Chambre double\" image=\"https:\/\/www.borgoditria.it\/wp-content\/uploads\/2023\/04\/Borgo-d-itria-Trulli-superior-suite-superior-1-camera-matrimoniale-6.jpg\" image_alt=\"Trulli superior - Suite SUperior 1 - Camera matrimoniale\" content_custom_padding=\"20px||20px||true|true\" _builder_version=\"4.18.1\" _module_preset=\"default\" hover_enabled=\"0\" global_colors_info=\"{}\" [&hellip;]","twitter_misc":{"Dur\u00e9e de lecture estim\u00e9e":"5 minutes"},"schema":{"@context":"https:\/\/schema.org","@graph":[{"@type":"WebPage","@id":"https:\/\/www.borgoditria.it\/fr\/conditions-de-reservation\/","url":"https:\/\/www.borgoditria.it\/fr\/conditions-de-reservation\/","name":"Conditions de r\u00e9servation - Borgo D'Itria","isPartOf":{"@id":"https:\/\/www.borgoditria.it\/fr\/#website"},"datePublished":"2023-07-03T08:45:48+00:00","dateModified":"2023-07-03T10:40:15+00:00","breadcrumb":{"@id":"https:\/\/www.borgoditria.it\/fr\/conditions-de-reservation\/#breadcrumb"},"inLanguage":"fr-FR","potentialAction":[{"@type":"ReadAction","target":["https:\/\/www.borgoditria.it\/fr\/conditions-de-reservation\/"]}]},{"@type":"BreadcrumbList","@id":"https:\/\/www.borgoditria.it\/fr\/conditions-de-reservation\/#breadcrumb","itemListElement":[{"@type":"ListItem","position":1,"name":"Home","item":"https:\/\/www.borgoditria.it\/fr\/borgo-ditria-trulli-resort\/"},{"@type":"ListItem","position":2,"name":"Conditions de r\u00e9servation"}]},{"@type":"WebSite","@id":"https:\/\/www.borgoditria.it\/fr\/#website","url":"https:\/\/www.borgoditria.it\/fr\/","name":"Borgo D'Itria","description":"Trulli Resort","potentialAction":[{"@type":"SearchAction","target":{"@type":"EntryPoint","urlTemplate":"https:\/\/www.borgoditria.it\/fr\/?s={search_term_string}"},"query-input":{"@type":"PropertyValueSpecification","valueRequired":true,"valueName":"search_term_string"}}],"inLanguage":"fr-FR"}]}},"_links":{"self":[{"href":"https:\/\/www.borgoditria.it\/fr\/wp-json\/wp\/v2\/pages\/5034","targetHints":{"allow":["GET"]}}],"collection":[{"href":"https:\/\/www.borgoditria.it\/fr\/wp-json\/wp\/v2\/pages"}],"about":[{"href":"https:\/\/www.borgoditria.it\/fr\/wp-json\/wp\/v2\/types\/page"}],"author":[{"embeddable":true,"href":"https:\/\/www.borgoditria.it\/fr\/wp-json\/wp\/v2\/users\/1"}],"replies":[{"embeddable":true,"href":"https:\/\/www.borgoditria.it\/fr\/wp-json\/wp\/v2\/comments?post=5034"}],"version-history":[{"count":2,"href":"https:\/\/www.borgoditria.it\/fr\/wp-json\/wp\/v2\/pages\/5034\/revisions"}],"predecessor-version":[{"id":5036,"href":"https:\/\/www.borgoditria.it\/fr\/wp-json\/wp\/v2\/pages\/5034\/revisions\/5036"}],"wp:attachment":[{"href":"https:\/\/www.borgoditria.it\/fr\/wp-json\/wp\/v2\/media?parent=5034"}],"curies":[{"name":"wp","href":"https:\/\/api.w.org\/{rel}","templated":true}]}}